{"id":489,"date":"2025-07-18T11:32:21","date_gmt":"2025-07-18T09:32:21","guid":{"rendered":"https:\/\/www.trima.cz\/duplexni-rezaci-previjec-presne-deleni-a-navijeni-pro-siroke-spektrum-materialu\/"},"modified":"2025-09-16T10:28:58","modified_gmt":"2025-09-16T08:28:58","slug":"duplexni-rezaci-previjec-presne-deleni-a-navijeni-pro-siroke-spektrum-materialu","status":"publish","type":"page","link":"https:\/\/www.trima.cz\/cs\/duplexni-rezaci-previjec-presne-deleni-a-navijeni-pro-siroke-spektrum-materialu\/","title":{"rendered":"Duplexn\u00ed \u0159ezac\u00ed p\u0159ev\u00edje\u010d \u2013 P\u0159esn\u00e9 d\u011blen\u00ed a nav\u00edjen\u00ed pro \u0161irok\u00e9 spektrum materi\u00e1l\u016f"},"content":{"rendered":"","protected":false},"excerpt":{"rendered":"","protected":false},"author":6,"featured_media":0,"parent":0,"menu_order":0,"comment_status":"closed","ping_status":"closed","template":"","meta":{"footnotes":""},"class_list":["post-489","page","type-page","status-publish","hentry"],"_links":{"self":[{"href":"https:\/\/www.trima.cz\/cs\/wp-json\/wp\/v2\/pages\/489","targetHints":{"allow":["GET"]}}],"collection":[{"href":"https:\/\/www.trima.cz\/cs\/wp-json\/wp\/v2\/pages"}],"about":[{"href":"https:\/\/www.trima.cz\/cs\/wp-json\/wp\/v2\/types\/page"}],"author":[{"embeddable":true,"href":"https:\/\/www.trima.cz\/cs\/wp-json\/wp\/v2\/users\/6"}],"replies":[{"embeddable":true,"href":"https:\/\/www.trima.cz\/cs\/wp-json\/wp\/v2\/comments?post=489"}],"version-history":[{"count":3,"href":"https:\/\/www.trima.cz\/cs\/wp-json\/wp\/v2\/pages\/489\/revisions"}],"predecessor-version":[{"id":492,"href":"https:\/\/www.trima.cz\/cs\/wp-json\/wp\/v2\/pages\/489\/revisions\/492"}],"wp:attachment":[{"href":"https:\/\/www.trima.cz\/cs\/wp-json\/wp\/v2\/media?parent=489"}],"curies":[{"name":"wp","href":"https:\/\/api.w.org\/{rel}","templated":true}]}}