{"id":299,"date":"2025-07-18T11:55:50","date_gmt":"2025-07-18T09:55:50","guid":{"rendered":"https:\/\/www.trima.cz\/?page_id=299"},"modified":"2025-09-16T10:46:04","modified_gmt":"2025-09-16T08:46:04","slug":"navijec-jumbo-kotoucu-s-akumulatorem","status":"publish","type":"page","link":"https:\/\/www.trima.cz\/cs\/navijec-jumbo-kotoucu-s-akumulatorem\/","title":{"rendered":"Nav\u00edje\u010d \u201eJumbo\u201c kotou\u010d\u016f s akumul\u00e1torem"},"content":{"rendered":"","protected":false},"excerpt":{"rendered":"","protected":false},"author":6,"featured_media":-1,"parent":0,"menu_order":0,"comment_status":"closed","ping_status":"closed","template":"","meta":{"footnotes":""},"class_list":["post-299","page","type-page","status-publish","has-post-thumbnail","hentry"],"_links":{"self":[{"href":"https:\/\/www.trima.cz\/cs\/wp-json\/wp\/v2\/pages\/299","targetHints":{"allow":["GET"]}}],"collection":[{"href":"https:\/\/www.trima.cz\/cs\/wp-json\/wp\/v2\/pages"}],"about":[{"href":"https:\/\/www.trima.cz\/cs\/wp-json\/wp\/v2\/types\/page"}],"author":[{"embeddable":true,"href":"https:\/\/www.trima.cz\/cs\/wp-json\/wp\/v2\/users\/6"}],"replies":[{"embeddable":true,"href":"https:\/\/www.trima.cz\/cs\/wp-json\/wp\/v2\/comments?post=299"}],"version-history":[{"count":2,"href":"https:\/\/www.trima.cz\/cs\/wp-json\/wp\/v2\/pages\/299\/revisions"}],"predecessor-version":[{"id":301,"href":"https:\/\/www.trima.cz\/cs\/wp-json\/wp\/v2\/pages\/299\/revisions\/301"}],"wp:featuredmedia":[{"embeddable":true,"href":"https:\/\/www.trima.cz\/cs\/wp-json\/"}],"wp:attachment":[{"href":"https:\/\/www.trima.cz\/cs\/wp-json\/wp\/v2\/media?parent=299"}],"curies":[{"name":"wp","href":"https:\/\/api.w.org\/{rel}","templated":true}]}}