{"id":296,"date":"2025-07-18T11:46:17","date_gmt":"2025-07-18T09:46:17","guid":{"rendered":"https:\/\/www.trima.cz\/?page_id=296"},"modified":"2025-09-12T12:12:14","modified_gmt":"2025-09-12T10:12:14","slug":"univerzalni-previjeci-stroj-rw-3-presne-deleni-a-navijeni-materialu","status":"publish","type":"page","link":"https:\/\/www.trima.cz\/cs\/univerzalni-previjeci-stroj-rw-3-presne-deleni-a-navijeni-materialu\/","title":{"rendered":"Univerz\u00e1ln\u00ed p\u0159ev\u00edjec\u00ed stroj RW 3 \u2013 P\u0159esn\u00e9 d\u011blen\u00ed a nav\u00edjen\u00ed materi\u00e1l\u016f"},"content":{"rendered":"","protected":false},"excerpt":{"rendered":"","protected":false},"author":6,"featured_media":-1,"parent":0,"menu_order":0,"comment_status":"closed","ping_status":"closed","template":"","meta":{"footnotes":""},"class_list":["post-296","page","type-page","status-publish","has-post-thumbnail","hentry"],"_links":{"self":[{"href":"https:\/\/www.trima.cz\/cs\/wp-json\/wp\/v2\/pages\/296","targetHints":{"allow":["GET"]}}],"collection":[{"href":"https:\/\/www.trima.cz\/cs\/wp-json\/wp\/v2\/pages"}],"about":[{"href":"https:\/\/www.trima.cz\/cs\/wp-json\/wp\/v2\/types\/page"}],"author":[{"embeddable":true,"href":"https:\/\/www.trima.cz\/cs\/wp-json\/wp\/v2\/users\/6"}],"replies":[{"embeddable":true,"href":"https:\/\/www.trima.cz\/cs\/wp-json\/wp\/v2\/comments?post=296"}],"version-history":[{"count":2,"href":"https:\/\/www.trima.cz\/cs\/wp-json\/wp\/v2\/pages\/296\/revisions"}],"predecessor-version":[{"id":298,"href":"https:\/\/www.trima.cz\/cs\/wp-json\/wp\/v2\/pages\/296\/revisions\/298"}],"wp:featuredmedia":[{"embeddable":true,"href":"https:\/\/www.trima.cz\/cs\/wp-json\/"}],"wp:attachment":[{"href":"https:\/\/www.trima.cz\/cs\/wp-json\/wp\/v2\/media?parent=296"}],"curies":[{"name":"wp","href":"https:\/\/api.w.org\/{rel}","templated":true}]}}