{"id":251,"date":"2025-07-16T17:10:08","date_gmt":"2025-07-16T15:10:08","guid":{"rendered":"https:\/\/www.trima.cz\/?page_id=251"},"modified":"2025-09-08T14:53:39","modified_gmt":"2025-09-08T12:53:39","slug":"formatting-rewinder-previjeci-system-pro-komercni-upravu-roli","status":"publish","type":"page","link":"https:\/\/www.trima.cz\/cs\/formatting-rewinder-previjeci-system-pro-komercni-upravu-roli\/","title":{"rendered":"Formatting Rewinder \u2013 P\u0159ev\u00edjec\u00ed syst\u00e9m pro komer\u010dn\u00ed \u00fapravu rol\u00ed"},"content":{"rendered":"","protected":false},"excerpt":{"rendered":"","protected":false},"author":6,"featured_media":-1,"parent":0,"menu_order":0,"comment_status":"closed","ping_status":"closed","template":"","meta":{"footnotes":""},"class_list":["post-251","page","type-page","status-publish","has-post-thumbnail","hentry"],"_links":{"self":[{"href":"https:\/\/www.trima.cz\/cs\/wp-json\/wp\/v2\/pages\/251","targetHints":{"allow":["GET"]}}],"collection":[{"href":"https:\/\/www.trima.cz\/cs\/wp-json\/wp\/v2\/pages"}],"about":[{"href":"https:\/\/www.trima.cz\/cs\/wp-json\/wp\/v2\/types\/page"}],"author":[{"embeddable":true,"href":"https:\/\/www.trima.cz\/cs\/wp-json\/wp\/v2\/users\/6"}],"replies":[{"embeddable":true,"href":"https:\/\/www.trima.cz\/cs\/wp-json\/wp\/v2\/comments?post=251"}],"version-history":[{"count":2,"href":"https:\/\/www.trima.cz\/cs\/wp-json\/wp\/v2\/pages\/251\/revisions"}],"predecessor-version":[{"id":253,"href":"https:\/\/www.trima.cz\/cs\/wp-json\/wp\/v2\/pages\/251\/revisions\/253"}],"wp:featuredmedia":[{"embeddable":true,"href":"https:\/\/www.trima.cz\/cs\/wp-json\/"}],"wp:attachment":[{"href":"https:\/\/www.trima.cz\/cs\/wp-json\/wp\/v2\/media?parent=251"}],"curies":[{"name":"wp","href":"https:\/\/api.w.org\/{rel}","templated":true}]}}