{"id":248,"date":"2025-07-16T17:01:55","date_gmt":"2025-07-16T15:01:55","guid":{"rendered":"https:\/\/www.trima.cz\/?page_id=248"},"modified":"2025-09-16T10:30:10","modified_gmt":"2025-09-16T08:30:10","slug":"jumbo-winder-vykonny-navijeci-system-pro-netkane-textilie-ze-sklenenych-vlaken","status":"publish","type":"page","link":"https:\/\/www.trima.cz\/cs\/jumbo-winder-vykonny-navijeci-system-pro-netkane-textilie-ze-sklenenych-vlaken\/","title":{"rendered":"Jumbo Winder \u2013 V\u00fdkonn\u00fd nav\u00edjec\u00ed syst\u00e9m pro netkan\u00e9 textilie ze sklen\u011bn\u00fdch vl\u00e1ken"},"content":{"rendered":"","protected":false},"excerpt":{"rendered":"","protected":false},"author":6,"featured_media":-1,"parent":0,"menu_order":0,"comment_status":"closed","ping_status":"closed","template":"","meta":{"footnotes":""},"class_list":["post-248","page","type-page","status-publish","has-post-thumbnail","hentry"],"_links":{"self":[{"href":"https:\/\/www.trima.cz\/cs\/wp-json\/wp\/v2\/pages\/248","targetHints":{"allow":["GET"]}}],"collection":[{"href":"https:\/\/www.trima.cz\/cs\/wp-json\/wp\/v2\/pages"}],"about":[{"href":"https:\/\/www.trima.cz\/cs\/wp-json\/wp\/v2\/types\/page"}],"author":[{"embeddable":true,"href":"https:\/\/www.trima.cz\/cs\/wp-json\/wp\/v2\/users\/6"}],"replies":[{"embeddable":true,"href":"https:\/\/www.trima.cz\/cs\/wp-json\/wp\/v2\/comments?post=248"}],"version-history":[{"count":2,"href":"https:\/\/www.trima.cz\/cs\/wp-json\/wp\/v2\/pages\/248\/revisions"}],"predecessor-version":[{"id":250,"href":"https:\/\/www.trima.cz\/cs\/wp-json\/wp\/v2\/pages\/248\/revisions\/250"}],"wp:featuredmedia":[{"embeddable":true,"href":"https:\/\/www.trima.cz\/cs\/wp-json\/"}],"wp:attachment":[{"href":"https:\/\/www.trima.cz\/cs\/wp-json\/wp\/v2\/media?parent=248"}],"curies":[{"name":"wp","href":"https:\/\/api.w.org\/{rel}","templated":true}]}}