{"id":246,"date":"2025-07-16T16:34:54","date_gmt":"2025-07-16T14:34:54","guid":{"rendered":"https:\/\/www.trima.cz\/?page_id=246"},"modified":"2025-09-30T10:27:33","modified_gmt":"2025-09-30T08:27:33","slug":"csm-winder-precizni-technologie-pro-kontinualni-navijeni-rohozi-ze-sekanych-sklenenych-vlaken","status":"publish","type":"page","link":"https:\/\/www.trima.cz\/cs\/csm-winder-precizni-technologie-pro-kontinualni-navijeni-rohozi-ze-sekanych-sklenenych-vlaken\/","title":{"rendered":"CSM Winder \u2013 Precizn\u00ed technologie pro kontinu\u00e1ln\u00ed nav\u00edjen\u00ed roho\u017e\u00ed ze sekan\u00fdch sklen\u011bn\u00fdch vl\u00e1ken"},"content":{"rendered":"","protected":false},"excerpt":{"rendered":"","protected":false},"author":6,"featured_media":-1,"parent":0,"menu_order":0,"comment_status":"closed","ping_status":"closed","template":"","meta":{"footnotes":""},"class_list":["post-246","page","type-page","status-publish","has-post-thumbnail","hentry"],"_links":{"self":[{"href":"https:\/\/www.trima.cz\/cs\/wp-json\/wp\/v2\/pages\/246","targetHints":{"allow":["GET"]}}],"collection":[{"href":"https:\/\/www.trima.cz\/cs\/wp-json\/wp\/v2\/pages"}],"about":[{"href":"https:\/\/www.trima.cz\/cs\/wp-json\/wp\/v2\/types\/page"}],"author":[{"embeddable":true,"href":"https:\/\/www.trima.cz\/cs\/wp-json\/wp\/v2\/users\/6"}],"replies":[{"embeddable":true,"href":"https:\/\/www.trima.cz\/cs\/wp-json\/wp\/v2\/comments?post=246"}],"version-history":[{"count":2,"href":"https:\/\/www.trima.cz\/cs\/wp-json\/wp\/v2\/pages\/246\/revisions"}],"predecessor-version":[{"id":522,"href":"https:\/\/www.trima.cz\/cs\/wp-json\/wp\/v2\/pages\/246\/revisions\/522"}],"wp:featuredmedia":[{"embeddable":true,"href":"https:\/\/www.trima.cz\/cs\/wp-json\/"}],"wp:attachment":[{"href":"https:\/\/www.trima.cz\/cs\/wp-json\/wp\/v2\/media?parent=246"}],"curies":[{"name":"wp","href":"https:\/\/api.w.org\/{rel}","templated":true}]}}