{"id":244,"date":"2025-07-16T16:16:34","date_gmt":"2025-07-16T14:16:34","guid":{"rendered":"https:\/\/www.trima.cz\/?page_id=244"},"modified":"2025-09-10T12:17:05","modified_gmt":"2025-09-10T10:17:05","slug":"2drw-univerzalni-previjec-pro-kontrolu-materialu-a-podelne-deleni","status":"publish","type":"page","link":"https:\/\/www.trima.cz\/cs\/2drw-univerzalni-previjec-pro-kontrolu-materialu-a-podelne-deleni\/","title":{"rendered":"2DRW \u2013 Univerz\u00e1ln\u00ed p\u0159ev\u00edje\u010d pro kontrolu materi\u00e1lu a pod\u00e9ln\u00e9 d\u011blen\u00ed"},"content":{"rendered":"","protected":false},"excerpt":{"rendered":"","protected":false},"author":6,"featured_media":-1,"parent":0,"menu_order":0,"comment_status":"closed","ping_status":"closed","template":"","meta":{"footnotes":""},"class_list":["post-244","page","type-page","status-publish","has-post-thumbnail","hentry"],"_links":{"self":[{"href":"https:\/\/www.trima.cz\/cs\/wp-json\/wp\/v2\/pages\/244","targetHints":{"allow":["GET"]}}],"collection":[{"href":"https:\/\/www.trima.cz\/cs\/wp-json\/wp\/v2\/pages"}],"about":[{"href":"https:\/\/www.trima.cz\/cs\/wp-json\/wp\/v2\/types\/page"}],"author":[{"embeddable":true,"href":"https:\/\/www.trima.cz\/cs\/wp-json\/wp\/v2\/users\/6"}],"replies":[{"embeddable":true,"href":"https:\/\/www.trima.cz\/cs\/wp-json\/wp\/v2\/comments?post=244"}],"version-history":[{"count":1,"href":"https:\/\/www.trima.cz\/cs\/wp-json\/wp\/v2\/pages\/244\/revisions"}],"predecessor-version":[{"id":245,"href":"https:\/\/www.trima.cz\/cs\/wp-json\/wp\/v2\/pages\/244\/revisions\/245"}],"wp:featuredmedia":[{"embeddable":true,"href":"https:\/\/www.trima.cz\/cs\/wp-json\/"}],"wp:attachment":[{"href":"https:\/\/www.trima.cz\/cs\/wp-json\/wp\/v2\/media?parent=244"}],"curies":[{"name":"wp","href":"https:\/\/api.w.org\/{rel}","templated":true}]}}