{"id":239,"date":"2025-07-16T15:58:31","date_gmt":"2025-07-16T13:58:31","guid":{"rendered":"https:\/\/www.trima.cz\/?page_id=239"},"modified":"2025-09-18T09:28:43","modified_gmt":"2025-09-18T07:28:43","slug":"rw-02-univerzalni-previjec-pro-zpracovani-vrstvenych-materialu","status":"publish","type":"page","link":"https:\/\/www.trima.cz\/cs\/rw-02-univerzalni-previjec-pro-zpracovani-vrstvenych-materialu\/","title":{"rendered":"RW 02 &#8211; Univerz\u00e1ln\u00ed p\u0159ev\u00edje\u010d pro zpracov\u00e1n\u00ed vrstven\u00fdch materi\u00e1l\u016f"},"content":{"rendered":"","protected":false},"excerpt":{"rendered":"","protected":false},"author":6,"featured_media":-1,"parent":0,"menu_order":0,"comment_status":"closed","ping_status":"closed","template":"","meta":{"footnotes":""},"class_list":["post-239","page","type-page","status-publish","has-post-thumbnail","hentry"],"_links":{"self":[{"href":"https:\/\/www.trima.cz\/cs\/wp-json\/wp\/v2\/pages\/239","targetHints":{"allow":["GET"]}}],"collection":[{"href":"https:\/\/www.trima.cz\/cs\/wp-json\/wp\/v2\/pages"}],"about":[{"href":"https:\/\/www.trima.cz\/cs\/wp-json\/wp\/v2\/types\/page"}],"author":[{"embeddable":true,"href":"https:\/\/www.trima.cz\/cs\/wp-json\/wp\/v2\/users\/6"}],"replies":[{"embeddable":true,"href":"https:\/\/www.trima.cz\/cs\/wp-json\/wp\/v2\/comments?post=239"}],"version-history":[{"count":2,"href":"https:\/\/www.trima.cz\/cs\/wp-json\/wp\/v2\/pages\/239\/revisions"}],"predecessor-version":[{"id":371,"href":"https:\/\/www.trima.cz\/cs\/wp-json\/wp\/v2\/pages\/239\/revisions\/371"}],"wp:featuredmedia":[{"embeddable":true,"href":"https:\/\/www.trima.cz\/cs\/wp-json\/"}],"wp:attachment":[{"href":"https:\/\/www.trima.cz\/cs\/wp-json\/wp\/v2\/media?parent=239"}],"curies":[{"name":"wp","href":"https:\/\/api.w.org\/{rel}","templated":true}]}}